{"id":775,"date":"2023-02-28T21:34:26","date_gmt":"2023-02-28T21:34:26","guid":{"rendered":"http:\/\/rewnol.link\/?page_id=775"},"modified":"2023-11-27T23:22:47","modified_gmt":"2023-11-27T23:22:47","slug":"uber-uns","status":"publish","type":"page","link":"https:\/\/wunschcampervan.de\/pl\/uber-uns\/","title":{"rendered":"O NAS"},"content":{"rendered":"<div id=\"wp-block-themeisle-blocks-advanced-columns-a2946a77\" class=\"wp-block-themeisle-blocks-advanced-columns alignfull has-2-columns has-desktop-equal-layout has-tablet-equal-layout has-mobile-collapsedRows-layout has-vertical-center ticss-a2946a77 has-dark-bg\"><div class=\"wp-block-themeisle-blocks-advanced-columns-overlay\"><\/div><div class=\"innerblocks-wrap\">\n<div id=\"wp-block-themeisle-blocks-advanced-column-bbddf55b\" class=\"wp-block-themeisle-blocks-advanced-column\"><div class=\"wp-block-image\">\n<figure class=\"aligncenter size-large is-resized\"><img decoding=\"async\" loading=\"lazy\" src=\"https:\/\/wunschcampervan.de\/wp-content\/uploads\/2023\/04\/unnamed2-1024x768.jpg\" alt=\"\" class=\"wp-image-966\" width=\"630\" height=\"472\" srcset=\"https:\/\/wunschcampervan.de\/wp-content\/uploads\/2023\/04\/unnamed2-1024x768.jpg 1024w, https:\/\/wunschcampervan.de\/wp-content\/uploads\/2023\/04\/unnamed2-300x225.jpg 300w, https:\/\/wunschcampervan.de\/wp-content\/uploads\/2023\/04\/unnamed2-768x576.jpg 768w, https:\/\/wunschcampervan.de\/wp-content\/uploads\/2023\/04\/unnamed2-1536x1152.jpg 1536w, https:\/\/wunschcampervan.de\/wp-content\/uploads\/2023\/04\/unnamed2.jpg 1600w\" sizes=\"(max-width: 630px) 100vw, 630px\" \/><\/figure><\/div><\/div>\n\n\n\n<div id=\"wp-block-themeisle-blocks-advanced-column-92b2db05\" class=\"wp-block-themeisle-blocks-advanced-column\">\n<h2 id=\"wp-block-themeisle-blocks-advanced-heading-8f1f2647\" class=\"wp-block-themeisle-blocks-advanced-heading wp-block-themeisle-blocks-advanced-heading-8f1f2647\">O NAS<\/h2>\n\n\n\n<p class=\"has-nv-site-bg-color has-nv-c-2-background-color has-text-color has-background\" style=\"font-size:18px\">Od 1976 roku nasza rodzinna firma dzia\u0142a w bran\u017cy motoryzacyjnej. Dzi\u0119ki wieloletniemu do\u015bwiadczeniu jeste\u015bmy  w stanie zbudowa\u0107 dla Ciebie wymarzony pojazd.\nStandard? W naszym s\u0142owniku nie ma takiego s\u0142owa <\/p>\n\n\n\n<p class=\"has-nv-site-bg-color has-nv-c-2-background-color has-text-color has-background\" style=\"font-size:18px\"><strong>Standard? Nie znamy tego s\u0142owa.<\/strong><\/p>\n\n\n\n<div class=\"is-layout-flex wp-block-buttons\"><\/div>\n<\/div>\n<\/div><\/div>\n\n\n\n<p><\/p>","protected":false},"excerpt":{"rendered":"","protected":false},"author":1,"featured_media":0,"parent":0,"menu_order":0,"comment_status":"closed","ping_status":"closed","template":"","meta":{"neve_meta_sidebar":"full-width","neve_meta_container":"default","neve_meta_enable_content_width":"","neve_meta_content_width":0,"neve_meta_title_alignment":"left","neve_meta_author_avatar":"","neve_post_elements_order":"","neve_meta_disable_header":"off","neve_meta_disable_footer":"off","neve_meta_disable_title":"on","_themeisle_gutenberg_block_has_review":false,"_ti_tpc_template_sync":false,"_ti_tpc_template_id":""},"_links":{"self":[{"href":"https:\/\/wunschcampervan.de\/pl\/wp-json\/wp\/v2\/pages\/775"}],"collection":[{"href":"https:\/\/wunschcampervan.de\/pl\/wp-json\/wp\/v2\/pages"}],"about":[{"href":"https:\/\/wunschcampervan.de\/pl\/wp-json\/wp\/v2\/types\/page"}],"author":[{"embeddable":true,"href":"https:\/\/wunschcampervan.de\/pl\/wp-json\/wp\/v2\/users\/1"}],"replies":[{"embeddable":true,"href":"https:\/\/wunschcampervan.de\/pl\/wp-json\/wp\/v2\/comments?post=775"}],"version-history":[{"count":16,"href":"https:\/\/wunschcampervan.de\/pl\/wp-json\/wp\/v2\/pages\/775\/revisions"}],"predecessor-version":[{"id":1050,"href":"https:\/\/wunschcampervan.de\/pl\/wp-json\/wp\/v2\/pages\/775\/revisions\/1050"}],"wp:attachment":[{"href":"https:\/\/wunschcampervan.de\/pl\/wp-json\/wp\/v2\/media?parent=775"}],"curies":[{"name":"wp","href":"https:\/\/api.w.org\/{rel}","templated":true}]}}